{"id":105,"date":"2023-11-10T09:39:02","date_gmt":"2023-11-10T08:39:02","guid":{"rendered":"https:\/\/www.rwt.ag\/?page_id=105"},"modified":"2024-10-04T15:13:50","modified_gmt":"2024-10-04T13:13:50","slug":"ueber-uns","status":"publish","type":"page","link":"https:\/\/www.rwt.ag\/en\/ueber-uns\/","title":{"rendered":"About Us"},"content":{"rendered":"<p>[et_pb_section fb_built=&#8220;1&#8243; _builder_version=&#8220;4.23.1&#8243; _module_preset=&#8220;default&#8220; background_color=&#8220;rgba(0,0,0,0.61)&#8220; background_image=&#8220;https:\/\/www.rwt.ag\/wp-content\/uploads\/2023\/11\/rwt-parallax-1-1920&#215;900-1.webp&#8220; background_blend=&#8220;multiply&#8220; global_colors_info=&#8220;{}&#8220;][et_pb_row _builder_version=&#8220;4.23.1&#8243; _module_preset=&#8220;default&#8220; global_colors_info=&#8220;{}&#8220;][et_pb_column type=&#8220;4_4&#8243; _builder_version=&#8220;4.23.1&#8243; _module_preset=&#8220;default&#8220; global_colors_info=&#8220;{}&#8220;][et_pb_text _builder_version=&#8220;4.23.1&#8243; _module_preset=&#8220;default&#8220; background_layout=&#8220;dark&#8220; global_colors_info=&#8220;{}&#8220;]<\/p>\n<h1>Unternehmen<\/h1>\n<p>[\/et_pb_text][\/et_pb_column][\/et_pb_row][\/et_pb_section][et_pb_section fb_built=&#8220;1&#8243; _builder_version=&#8220;4.23.1&#8243; _module_preset=&#8220;default&#8220; global_colors_info=&#8220;{}&#8220;][et_pb_row column_structure=&#8220;1_2,1_2&#8243; _builder_version=&#8220;4.23.1&#8243; _module_preset=&#8220;default&#8220; global_colors_info=&#8220;{}&#8220;][et_pb_column type=&#8220;1_2&#8243; _builder_version=&#8220;4.23.1&#8243; _module_preset=&#8220;default&#8220; global_colors_info=&#8220;{}&#8220;][et_pb_text _builder_version=&#8220;4.23.1&#8243; _module_preset=&#8220;default&#8220; header_2_font_size=&#8220;36px&#8220; custom_margin=&#8220;||15px||false|false&#8220; global_colors_info=&#8220;{}&#8220;]<\/p>\n<h2>Die RWT Hornegger &amp; Thor GmbH: Innovation trifft Pr\u00e4zision seit 1999.<\/h2>\n<p>[\/et_pb_text][et_pb_divider color=&#8220;gcid-10939461-63af-4478-88d1-71c06bb32c4d&#8220; divider_weight=&#8220;5px&#8220; _builder_version=&#8220;4.23.1&#8243; _module_preset=&#8220;default&#8220; width=&#8220;30%&#8220; module_alignment=&#8220;left&#8220; custom_margin=&#8220;||15px||false|false&#8220; global_colors_info=&#8220;{%22gcid-10939461-63af-4478-88d1-71c06bb32c4d%22:%91%22color%22%93}&#8220;][\/et_pb_divider][et_pb_text _builder_version=&#8220;4.23.1&#8243; _module_preset=&#8220;default&#8220; header_2_font_size=&#8220;36px&#8220; global_colors_info=&#8220;{}&#8220;]<\/p>\n<p>Die Firma RWT Hornegger &amp; Thor GmbH wurde 1999 von den beiden Gesch\u00e4ftsf\u00fchrern Hannes Hornegger und Reinhard Thor gegr\u00fcndet. Seitdem ist das Unternehmen kontinuierlich gewachsen auf einen derzeitigen Stand von 30 Mitarbeitern.<\/p>\n<p>Im Jahr 2003 markierte der Bezug eines neu errichteten Produktionsgeb\u00e4udes einen wichtigen Meilenstein in der Firmengeschichte. Dieses Geb\u00e4ude bietet 1000 m\u00b2 Produktionsfl\u00e4che und 200 m\u00b2 B\u00fcrofl\u00e4che, was die Kapazit\u00e4ten f\u00fcr Produktion und Verwaltung erheblich erweiterte. Eine weitere Expansion fand im Februar 2014 statt, als ein Erweiterungsbau in Betrieb genommen wurde. Dieser Bau f\u00fcgte dem bestehenden Komplex zus\u00e4tzliche 800 m\u00b2 Produktionsfl\u00e4che hinzu.<\/p>\n<p>[\/et_pb_text][et_pb_text _builder_version=&#8220;4.23.1&#8243; _module_preset=&#8220;default&#8220; header_2_font_size=&#8220;36px&#8220; custom_margin=&#8220;||15px||false|false&#8220; global_colors_info=&#8220;{}&#8220;]<\/p>\n<h2>Die RWT AG<\/h2>\n<p>[\/et_pb_text][et_pb_divider color=&#8220;gcid-10939461-63af-4478-88d1-71c06bb32c4d&#8220; divider_weight=&#8220;5px&#8220; _builder_version=&#8220;4.23.1&#8243; _module_preset=&#8220;default&#8220; width=&#8220;30%&#8220; module_alignment=&#8220;left&#8220; custom_margin=&#8220;||15px||false|false&#8220; global_colors_info=&#8220;{%22gcid-10939461-63af-4478-88d1-71c06bb32c4d%22:%91%22color%22%93}&#8220;][\/et_pb_divider][et_pb_text _builder_version=&#8220;4.23.1&#8243; _module_preset=&#8220;default&#8220; header_2_font_size=&#8220;36px&#8220; global_colors_info=&#8220;{}&#8220;]<\/p>\n<p>Im Jahr 2023 erfuhr das Unternehmen eine bedeutende Entwicklung mit der Gr\u00fcndung der RWT AG, die eine neue Phase in der Firmengeschichte einl\u00e4utet und das kontinuierliche Wachstum und die Innovation des Unternehmens unterstreicht.<\/p>\n<p>[\/et_pb_text][\/et_pb_column][et_pb_column type=&#8220;1_2&#8243; _builder_version=&#8220;4.23.1&#8243; _module_preset=&#8220;default&#8220; global_colors_info=&#8220;{}&#8220;][et_pb_image src=&#8220;https:\/\/www.rwt.ag\/wp-content\/uploads\/2023\/11\/Reinhard-und-Hannes.jpg&#8220; title_text=&#8220;Reinhard-und-Hannes&#8220; _builder_version=&#8220;4.23.1&#8243; _module_preset=&#8220;default&#8220; global_colors_info=&#8220;{}&#8220;][\/et_pb_image][\/et_pb_column][\/et_pb_row][\/et_pb_section][et_pb_section fb_built=&#8220;1&#8243; _builder_version=&#8220;4.23.1&#8243; _module_preset=&#8220;default&#8220; background_color=&#8220;gcid-8e151471-c073-4a04-9fc8-d2ce881fe02e&#8220; global_colors_info=&#8220;{%22gcid-8e151471-c073-4a04-9fc8-d2ce881fe02e%22:%91%22background_color%22%93}&#8220;][et_pb_row column_structure=&#8220;1_4,1_4,1_4,1_4&#8243; use_custom_gutter=&#8220;on&#8220; _builder_version=&#8220;4.23.1&#8243; _module_preset=&#8220;default&#8220; global_colors_info=&#8220;{}&#8220;][et_pb_column type=&#8220;1_4&#8243; _builder_version=&#8220;4.23.1&#8243; _module_preset=&#8220;default&#8220; global_colors_info=&#8220;{}&#8220;][et_pb_text _builder_version=&#8220;4.23.1&#8243; _module_preset=&#8220;default&#8220; global_colors_info=&#8220;{}&#8220;]<\/p>\n<h6 style=\"text-align: center;\">Vorst\u00e4nde:<\/h6>\n<p style=\"text-align: center;\">Reinhard Thor<br \/>Johannes Hornegger<\/p>\n<p>[\/et_pb_text][\/et_pb_column][et_pb_column type=&#8220;1_4&#8243; _builder_version=&#8220;4.23.1&#8243; _module_preset=&#8220;default&#8220; global_colors_info=&#8220;{}&#8220;][et_pb_text _builder_version=&#8220;4.23.1&#8243; _module_preset=&#8220;default&#8220; global_colors_info=&#8220;{}&#8220;]<\/p>\n<h6 style=\"text-align: center;\">Aufsichtsratsvorsitzende:<\/h6>\n<p style=\"text-align: center;\">Alexandra Rosinger<\/p>\n<p>[\/et_pb_text][\/et_pb_column][et_pb_column type=&#8220;1_4&#8243; _builder_version=&#8220;4.23.1&#8243; _module_preset=&#8220;default&#8220; global_colors_info=&#8220;{}&#8220;][et_pb_text _builder_version=&#8220;4.23.1&#8243; _module_preset=&#8220;default&#8220; global_colors_info=&#8220;{}&#8220;]<\/p>\n<h6 style=\"text-align: center;\">Stellvertreterin der Vorsitzenden:<\/h6>\n<p style=\"text-align: center;\">Stephanie Wolfsch\u00fctz<\/p>\n<p>[\/et_pb_text][\/et_pb_column][et_pb_column type=&#8220;1_4&#8243; _builder_version=&#8220;4.23.1&#8243; _module_preset=&#8220;default&#8220; global_colors_info=&#8220;{}&#8220;][et_pb_text _builder_version=&#8220;4.23.1&#8243; _module_preset=&#8220;default&#8220; global_colors_info=&#8220;{}&#8220;]<\/p>\n<h6 style=\"text-align: center;\">Aufsichtsratsmitglied:<\/h6>\n<p style=\"text-align: center;\">DI Dr. Michael Thor<\/p>\n<p>[\/et_pb_text][\/et_pb_column][\/et_pb_row][\/et_pb_section][et_pb_section fb_built=&#8220;1&#8243; _builder_version=&#8220;4.27.0&#8243; _module_preset=&#8220;default&#8220; background_image=&#8220;https:\/\/www.rwt.ag\/wp-content\/uploads\/2024\/10\/dji_fly_20241001_120608_8_1727779848586_photo_optimized.jpg&#8220; custom_margin=&#8220;||||false|false&#8220; custom_padding=&#8220;30vh||30vh||false|false&#8220; hover_enabled=&#8220;0&#8243; global_colors_info=&#8220;{}&#8220; title_text=&#8220;dji_fly_20241001_120608_8_1727779848586_photo_optimized&#8220; background_position=&#8220;top_center&#8220; sticky_enabled=&#8220;0&#8243;][et_pb_row _builder_version=&#8220;4.23.1&#8243; _module_preset=&#8220;default&#8220; global_colors_info=&#8220;{}&#8220;][et_pb_column type=&#8220;4_4&#8243; _builder_version=&#8220;4.23.1&#8243; _module_preset=&#8220;default&#8220; global_colors_info=&#8220;{}&#8220;][\/et_pb_column][\/et_pb_row][\/et_pb_section][et_pb_section fb_built=&#8220;1&#8243; _builder_version=&#8220;4.23.1&#8243; _module_preset=&#8220;default&#8220; background_color=&#8220;gcid-8e151471-c073-4a04-9fc8-d2ce881fe02e&#8220; global_colors_info=&#8220;{%22gcid-8e151471-c073-4a04-9fc8-d2ce881fe02e%22:%91%22background_color%22%93}&#8220;][et_pb_row column_structure=&#8220;1_5,3_5,1_5&#8243; _builder_version=&#8220;4.23.1&#8243; _module_preset=&#8220;default&#8220; custom_padding=&#8220;||0px||false|false&#8220; global_colors_info=&#8220;{}&#8220;][et_pb_column type=&#8220;1_5&#8243; _builder_version=&#8220;4.23.1&#8243; _module_preset=&#8220;default&#8220; global_colors_info=&#8220;{}&#8220;][\/et_pb_column][et_pb_column type=&#8220;3_5&#8243; _builder_version=&#8220;4.23.1&#8243; _module_preset=&#8220;default&#8220; global_colors_info=&#8220;{}&#8220;][et_pb_text _builder_version=&#8220;4.23.1&#8243; _module_preset=&#8220;default&#8220; header_2_font_size=&#8220;36px&#8220; text_orientation=&#8220;center&#8220; custom_margin=&#8220;||15px||false|false&#8220; global_colors_info=&#8220;{}&#8220;]<\/p>\n<h2>Zertifizierte Konstruktion, Entwicklung und Fertigung auf h\u00f6chstem Niveau.<\/h2>\n<p>[\/et_pb_text][et_pb_divider color=&#8220;gcid-10939461-63af-4478-88d1-71c06bb32c4d&#8220; divider_weight=&#8220;5px&#8220; _builder_version=&#8220;4.23.1&#8243; _module_preset=&#8220;default&#8220; width=&#8220;30%&#8220; module_alignment=&#8220;center&#8220; custom_margin=&#8220;||15px||false|false&#8220; global_colors_info=&#8220;{%22gcid-10939461-63af-4478-88d1-71c06bb32c4d%22:%91%22color%22%93}&#8220;][\/et_pb_divider][\/et_pb_column][et_pb_column type=&#8220;1_5&#8243; _builder_version=&#8220;4.23.1&#8243; _module_preset=&#8220;default&#8220; global_colors_info=&#8220;{}&#8220;][\/et_pb_column][\/et_pb_row][et_pb_row column_structure=&#8220;1_2,1_2&#8243; _builder_version=&#8220;4.23.1&#8243; _module_preset=&#8220;default&#8220; global_colors_info=&#8220;{}&#8220;][et_pb_column type=&#8220;1_2&#8243; _builder_version=&#8220;4.23.1&#8243; _module_preset=&#8220;default&#8220; global_colors_info=&#8220;{}&#8220;][et_pb_text _builder_version=&#8220;4.23.1&#8243; _module_preset=&#8220;default&#8220; global_colors_info=&#8220;{}&#8220;]<\/p>\n<p>Gefertigt wird auf modernen CNC-Drehmaschinen, 5-Achs-Bearbeitungszentren mit Roboter-Handling-System, bis zur hochgenauen Unrundschleifmaschine im klimatisierten Raum.<\/p>\n<p>Seit der Gr\u00fcndung lag die Spezialisierung auf der Fertigung von Teilen auf h\u00f6chstem Niveau. Seit 21.01.2000 ist das Unternehmen nach DIN ISO 9001:2015 zertifiziert.<\/p>\n<p>Gemessen wird auf modernen 3D-Messmaschinen und Messger\u00e4ten. Alle geschliffenen Teile werden mit der firmeneigenen Magnetpulver-Risspr\u00fcfmaschine gepr\u00fcft.<\/p>\n<p>[\/et_pb_text][\/et_pb_column][et_pb_column type=&#8220;1_2&#8243; _builder_version=&#8220;4.23.1&#8243; _module_preset=&#8220;default&#8220; global_colors_info=&#8220;{}&#8220;][et_pb_text _builder_version=&#8220;4.23.1&#8243; _module_preset=&#8220;default&#8220; global_colors_info=&#8220;{}&#8220;]<\/p>\n<p>In unserer Konstruktions- und Entwicklungsabteilung arbeiten drei erfahrene, kompetente und innovative Mitarbeiter. Gezeichnet wird auf Pro|ENGINEER, SolidWorks, GOelan und hyperMILL.<\/p>\n<p>Unsere Konstruktionen umfassen Vorrichtungen, Werkzeuge, Formen, Sondermaschinen, Fertigungs- und Montagestrassen, Motor- und Fahrwerksteile.<\/p>\n<p>Weiters bieten wir auch Produktentwicklung nach speziellen Kundenw\u00fcnschen an. Vom einfachen Werkzeug, \u00fcber Getriebeberechnungen, bis zur Motorkonstruktion.<\/p>\n<p>[\/et_pb_text][\/et_pb_column][\/et_pb_row][\/et_pb_section][et_pb_section fb_built=&#8220;1&#8243; _builder_version=&#8220;4.23.1&#8243; _module_preset=&#8220;default&#8220; global_colors_info=&#8220;{}&#8220;][et_pb_row column_structure=&#8220;1_5,3_5,1_5&#8243; _builder_version=&#8220;4.23.1&#8243; _module_preset=&#8220;default&#8220; global_colors_info=&#8220;{}&#8220;][et_pb_column type=&#8220;1_5&#8243; _builder_version=&#8220;4.23.1&#8243; _module_preset=&#8220;default&#8220; global_colors_info=&#8220;{}&#8220;][\/et_pb_column][et_pb_column type=&#8220;3_5&#8243; _builder_version=&#8220;4.23.1&#8243; _module_preset=&#8220;default&#8220; global_colors_info=&#8220;{}&#8220;][dsm_block_reveal_text block_reveal_text=&#8220;Mehr \u00fcber das Unternehmen erfahren&#8220; heading_html_tag=&#8220;h3&#8243; block_reveal_color=&#8220;gcid-10939461-63af-4478-88d1-71c06bb32c4d&#8220; _builder_version=&#8220;4.23.1&#8243; _module_preset=&#8220;default&#8220; header_text_align=&#8220;center&#8220; header_line_height=&#8220;1.2em&#8220; global_colors_info=&#8220;{%22gcid-10939461-63af-4478-88d1-71c06bb32c4d%22:%91%22block_reveal_color%22%93}&#8220;][\/dsm_block_reveal_text][et_pb_divider color=&#8220;gcid-10939461-63af-4478-88d1-71c06bb32c4d&#8220; divider_weight=&#8220;5px&#8220; _builder_version=&#8220;4.23.1&#8243; _module_preset=&#8220;default&#8220; width=&#8220;30%&#8220; module_alignment=&#8220;center&#8220; custom_margin=&#8220;||15px||false|false&#8220; global_colors_info=&#8220;{%22gcid-10939461-63af-4478-88d1-71c06bb32c4d%22:%91%22color%22%93}&#8220;][\/et_pb_divider][\/et_pb_column][et_pb_column type=&#8220;1_5&#8243; _builder_version=&#8220;4.23.1&#8243; _module_preset=&#8220;default&#8220; global_colors_info=&#8220;{}&#8220;][\/et_pb_column][\/et_pb_row][et_pb_row column_structure=&#8220;1_2,1_2&#8243; use_custom_gutter=&#8220;on&#8220; custom_padding_last_edited=&#8220;on|tablet&#8220; _builder_version=&#8220;4.23.1&#8243; _module_preset=&#8220;default&#8220; custom_margin=&#8220;||||false|false&#8220; custom_padding=&#8220;|100px||100px|false|false&#8220; custom_padding_tablet=&#8220;|0px||0px|false|false&#8220; custom_padding_phone=&#8220;|0px||0px|false|false&#8220; saved_tabs=&#8220;all&#8220; global_colors_info=&#8220;{}&#8220;][et_pb_column type=&#8220;1_2&#8243; _builder_version=&#8220;4.23.1&#8243; _module_preset=&#8220;default&#8220; global_colors_info=&#8220;{}&#8220;][dsm_card title=&#8220;Fertigung &#038; Maschinen&#8220; use_content_icon=&#8220;on&#8220; font_icon=&#8220;&#xf085;||fa||900&#8243; use_icon_font_size=&#8220;on&#8220; icon_content_font_size=&#8220;48px&#8220; badge_text=&#8220;Badget Text&#8220; content_padding=&#8220;30px|30px|30px|30px|false|false&#8220; button_text=&#8220;Die RWT Fertigung&#8220; button_url=&#8220;@ET-DC@eyJkeW5hbWljIjp0cnVlLCJjb250ZW50IjoicG9zdF9saW5rX3VybF9wYWdlIiwic2V0dGluZ3MiOnsicG9zdF9pZCI6IjEyNSJ9fQ==@&#8220; button_url_new_window=&#8220;1&#8243; _builder_version=&#8220;4.23.1&#8243; _dynamic_attributes=&#8220;button_url&#8220; _module_preset=&#8220;default&#8220; header_level=&#8220;h3&#8243; background_color=&#8220;#FFFFFF&#8220; animation_style=&#8220;slide&#8220; animation_direction=&#8220;bottom&#8220; animation_intensity_slide=&#8220;20%&#8220; box_shadow_style=&#8220;preset1&#8243; global_colors_info=&#8220;{}&#8220;]<\/p>\n<p><span>Unseren Schwerpunkt bilden Werkzeugbau, Formenbau, Prototypenbau und Baugruppenfertigung. Des Weiteren stellen wir moderne Motorkomponenten und Pr\u00e4zisionsteile in Lohnfertigung her.<\/span><\/p>\n<p><span>Unser Maschinenpark ist bestens ausgestattet. Hochmoderne Maschinen erlauben alle Facetten der CNC-Bearbeitung sowie hochgenaue Schleifarbeiten. Honen und Finishen bilden den kr\u00f6nenden Abschluss.<\/span><\/p>\n<p>[\/dsm_card][\/et_pb_column][et_pb_column type=&#8220;1_2&#8243; _builder_version=&#8220;4.23.1&#8243; _module_preset=&#8220;default&#8220; global_colors_info=&#8220;{}&#8220;][dsm_card title=&#8220;RWT Power&#8220; use_content_icon=&#8220;on&#8220; font_icon=&#8220;&#xf2dd;||fa||400&#8243; use_icon_font_size=&#8220;on&#8220; icon_content_font_size=&#8220;48px&#8220; badge_text=&#8220;Badget Text&#8220; content_padding=&#8220;30px|30px|30px|30px|false|false&#8220; button_text=&#8220;RWT Power&#8220; button_url=&#8220;@ET-DC@eyJkeW5hbWljIjp0cnVlLCJjb250ZW50IjoicG9zdF9saW5rX3VybF9wYWdlIiwic2V0dGluZ3MiOnsicG9zdF9pZCI6IjMwMCJ9fQ==@&#8220; button_url_new_window=&#8220;1&#8243; _builder_version=&#8220;4.23.1&#8243; _dynamic_attributes=&#8220;button_url&#8220; _module_preset=&#8220;default&#8220; header_level=&#8220;h3&#8243; background_color=&#8220;#FFFFFF&#8220; animation_style=&#8220;slide&#8220; animation_direction=&#8220;bottom&#8220; animation_delay=&#8220;200ms&#8220; animation_intensity_slide=&#8220;20%&#8220; box_shadow_style=&#8220;preset1&#8243; global_colors_info=&#8220;{}&#8220;]<\/p>\n<p><span>Sie suchen hochwertiges Zubeh\u00f6r f\u00fcr Ihr Motorrad? Dann sind Sie bei uns genau richtig. Als Hersteller von hochwertigem Zubeh\u00f6r speziell f\u00fcr Motorr\u00e4der der Marke Harley Davidson\u00ae und andere Custom Bikes entwickeln wir Antriebssysteme, die perfekt auf Ihre Anspr\u00fcche und Ihre Motorr\u00e4der zugeschnitten sind. Unsere Produkte passen wir st\u00e4ntig an die neuen Herausforderungen des Marktes an.<\/span><\/p>\n<p><span>Wir fertigen auf hochwertigen 4- und 5-Achs Dreh- und Fr\u00e4szentren. Selbstverst\u00e4ndlich alles Made in Austria.<\/span><\/p>\n<p>[\/dsm_card][\/et_pb_column][\/et_pb_row][\/et_pb_section]<\/p>\n","protected":false},"excerpt":{"rendered":"<p>UnternehmenDie RWT Hornegger &amp; Thor GmbH: Innovation trifft Pr\u00e4zision seit 1999.Die Firma RWT Hornegger &amp; Thor GmbH wurde 1999 von den beiden Gesch\u00e4ftsf\u00fchrern Hannes Hornegger und Reinhard Thor gegr\u00fcndet. Seitdem ist das Unternehmen kontinuierlich gewachsen auf einen derzeitigen Stand von 30 Mitarbeitern. Im Jahr 2003 markierte der Bezug eines neu errichteten Produktionsgeb\u00e4udes einen wichtigen Meilenstein in der Firmengeschichte. Dieses Geb\u00e4ude bietet 1000 m\u00b2 Produktionsfl\u00e4che und 200 m\u00b2 B\u00fcrofl\u00e4che, was die Kapazit\u00e4ten f\u00fcr Produktion und Verwaltung erheblich erweiterte. Eine weitere Expansion fand im Februar 2014 statt, als ein Erweiterungsbau in Betrieb genommen wurde. Dieser Bau f\u00fcgte dem bestehenden Komplex zus\u00e4tzliche 800 m\u00b2 Produktionsfl\u00e4che hinzu.Die RWT AGIm Jahr 2023 erfuhr das Unternehmen eine bedeutende Entwicklung mit der Gr\u00fcndung der RWT AG, die eine neue Phase in der Firmengeschichte einl\u00e4utet und das kontinuierliche Wachstum und die Innovation des Unternehmens unterstreicht.Vorst\u00e4nde: Reinhard ThorJohannes HorneggerAufsichtsratsvorsitzende: Alexandra RosingerStellvertreterin der Vorsitzenden: Stephanie Wolfsch\u00fctzAufsichtsratsmitglied: DI Dr. Michael ThorZertifizierte Konstruktion, Entwicklung und Fertigung auf h\u00f6chstem Niveau.Gefertigt wird auf modernen CNC-Drehmaschinen, 5-Achs-Bearbeitungszentren mit Roboter-Handling-System, bis zur hochgenauen Unrundschleifmaschine im klimatisierten Raum. Seit der Gr\u00fcndung lag die Spezialisierung auf der Fertigung von Teilen auf h\u00f6chstem Niveau. Seit 21.01.2000 ist das Unternehmen nach DIN ISO 9001:2015 zertifiziert. Gemessen wird auf modernen 3D-Messmaschinen [&hellip;]<\/p>\n","protected":false},"author":1,"featured_media":0,"parent":0,"menu_order":0,"comment_status":"closed","ping_status":"closed","template":"","meta":{"_acf_changed":false,"_et_pb_use_builder":"on","_et_pb_old_content":"","_et_gb_content_width":"","footnotes":""},"class_list":["post-105","page","type-page","status-publish","hentry"],"acf":[],"aioseo_notices":[],"_links":{"self":[{"href":"https:\/\/www.rwt.ag\/en\/wp-json\/wp\/v2\/pages\/105","targetHints":{"allow":["GET"]}}],"collection":[{"href":"https:\/\/www.rwt.ag\/en\/wp-json\/wp\/v2\/pages"}],"about":[{"href":"https:\/\/www.rwt.ag\/en\/wp-json\/wp\/v2\/types\/page"}],"author":[{"embeddable":true,"href":"https:\/\/www.rwt.ag\/en\/wp-json\/wp\/v2\/users\/1"}],"replies":[{"embeddable":true,"href":"https:\/\/www.rwt.ag\/en\/wp-json\/wp\/v2\/comments?post=105"}],"version-history":[{"count":19,"href":"https:\/\/www.rwt.ag\/en\/wp-json\/wp\/v2\/pages\/105\/revisions"}],"predecessor-version":[{"id":4148,"href":"https:\/\/www.rwt.ag\/en\/wp-json\/wp\/v2\/pages\/105\/revisions\/4148"}],"wp:attachment":[{"href":"https:\/\/www.rwt.ag\/en\/wp-json\/wp\/v2\/media?parent=105"}],"curies":[{"name":"wp","href":"https:\/\/api.w.org\/{rel}","templated":true}]}}