{"id":3660,"date":"2024-05-22T13:59:35","date_gmt":"2024-05-22T11:59:35","guid":{"rendered":"https:\/\/www.rwt.ag\/?page_id=3660"},"modified":"2024-07-09T09:50:42","modified_gmt":"2024-07-09T07:50:42","slug":"rwt-power-accessories-spare-parts","status":"publish","type":"page","link":"https:\/\/www.rwt.ag\/en\/rwt-power-zubehoer-ersatzteile\/","title":{"rendered":"RWT-Power Accessories &amp; Spare Parts"},"content":{"rendered":"<p>[et_pb_section fb_built=&#8220;1&#8243; _builder_version=&#8220;4.25.1&#8243; _module_preset=&#8220;default&#8220; global_colors_info=&#8220;{}&#8220;][et_pb_row _builder_version=&#8220;4.25.1&#8243; _module_preset=&#8220;default&#8220; global_colors_info=&#8220;{}&#8220;][et_pb_column type=&#8220;4_4&#8243; _builder_version=&#8220;4.25.1&#8243; _module_preset=&#8220;default&#8220; global_colors_info=&#8220;{}&#8220;][et_pb_text _builder_version=&#8220;4.25.1&#8243; _module_preset=&#8220;default&#8220; global_colors_info=&#8220;{}&#8220;]<\/p>\n<h3>Teile &amp; Zubeh\u00f6r<\/h3>\n<p>Hier findest du die einzelnen Teile unserer Kupplung und Felgen zum Bestellen. Wenn du etwas davon bestellen m\u00f6chtest, melde dich per E-Mail mit dem gew\u00fcnschten Teil. Wir machen dir ein Angebot.<\/p>\n<p>[\/et_pb_text][dsm_masonry_gallery gallery_ids=&#8220;3571,3569,3561,3557,3555,3551,3549,3547,3545,3455,3453,3451,3449,3447,3445,3443,3437,3435,3347,3345,3343,3409,3423,3421,3404,1980,1978,1976&#8243; dsm_sort_images=&#8220;off&#8220; disabled_on=&#8220;on|on|on&#8220; _builder_version=&#8220;4.25.1&#8243; _module_preset=&#8220;default&#8220; disabled=&#8220;on&#8220; global_colors_info=&#8220;{}&#8220;][\/dsm_masonry_gallery][et_pb_gallery gallery_ids=&#8220;3347,3345,3343,3431,3571,3569,3561,3557,3555,3551,3549,3547,3455,3453,3451,3449,3445,3443,3439,3437,3435,2888,2886,1978,1976,1974,3774,3776,3778&#8243; posts_number=&#8220;64&#8243; _builder_version=&#8220;4.26.0&#8243; _module_preset=&#8220;default&#8220; hover_enabled=&#8220;0&#8243; global_colors_info=&#8220;{}&#8220; sticky_enabled=&#8220;0&#8243;][\/et_pb_gallery][\/et_pb_column][\/et_pb_row][\/et_pb_section][et_pb_section fb_built=&#8220;1&#8243; module_id=&#8220;anfrage&#8220; _builder_version=&#8220;4.23.1&#8243; _module_preset=&#8220;default&#8220; background_color=&#8220;RGBA(255,255,255,0)&#8220; background_enable_image=&#8220;off&#8220; background_size=&#8220;contain&#8220; background_position=&#8220;bottom_left&#8220; background_horizontal_offset=&#8220;-47%&#8220; background_vertical_offset=&#8220;-100%&#8220; collapsed=&#8220;off&#8220; global_colors_info=&#8220;{}&#8220;][et_pb_row column_structure=&#8220;1_3,2_3&#8243; _builder_version=&#8220;4.23.1&#8243; _module_preset=&#8220;default&#8220; collapsed=&#8220;on&#8220; global_colors_info=&#8220;{}&#8220;][et_pb_column type=&#8220;1_3&#8243; _builder_version=&#8220;4.23.1&#8243; _module_preset=&#8220;default&#8220; global_colors_info=&#8220;{}&#8220;][et_pb_text _builder_version=&#8220;4.23.1&#8243; _module_preset=&#8220;default&#8220; header_text_color=&#8220;gcid-ec76931e-e1b9-4b36-a98d-54442c969aee&#8220; header_2_text_color=&#8220;gcid-ec76931e-e1b9-4b36-a98d-54442c969aee&#8220; header_3_text_color=&#8220;gcid-ec76931e-e1b9-4b36-a98d-54442c969aee&#8220; header_4_text_color=&#8220;gcid-ec76931e-e1b9-4b36-a98d-54442c969aee&#8220; header_5_text_color=&#8220;gcid-ec76931e-e1b9-4b36-a98d-54442c969aee&#8220; header_6_text_color=&#8220;gcid-ec76931e-e1b9-4b36-a98d-54442c969aee&#8220; global_colors_info=&#8220;{%22gcid-ec76931e-e1b9-4b36-a98d-54442c969aee%22:%91%22header_text_color%22,%22header_2_text_color%22,%22header_3_text_color%22,%22header_4_text_color%22,%22header_5_text_color%22,%22header_6_text_color%22%93}&#8220;]<span style=\"color: #000000;\"><strong>Bereit, Ihr Traum-Motorrad zum Leben zu erwecken? Dann z\u00f6gern Sie nicht l\u00e4nger. Kontaktieren Sie uns noch heute, indem Sie unser praktisches Kontaktformular ausf\u00fcllen. Teilen Sie uns Ihre Vorstellungen mit, und wir werden gemeinsam daran arbeiten, Ihr Motorrad auf die n\u00e4chste Stufe zu heben. Wir freuen uns darauf, Ihre Ideen zu h\u00f6ren und Ihre Tr\u00e4ume zu verwirklichen.<\/strong><\/span><\/p>\n<p>Ihr Motorrad ist mehr als nur ein Fortbewegungsmittel \u2013 es ist Ihre Leidenschaft. Bei RWT Power helfen wir Ihnen, diese Leidenschaft zum Leben zu erwecken. Nehmen Sie Kontakt auf, und lassen Sie uns gemeinsam Ihr individuelles Motorrad-Projekt starten.<br \/>\n[\/et_pb_text][et_pb_text _builder_version=&#8220;4.23.1&#8243; _module_preset=&#8220;default&#8220; header_text_color=&#8220;gcid-ec76931e-e1b9-4b36-a98d-54442c969aee&#8220; header_2_text_color=&#8220;gcid-ec76931e-e1b9-4b36-a98d-54442c969aee&#8220; header_3_text_color=&#8220;gcid-ec76931e-e1b9-4b36-a98d-54442c969aee&#8220; header_4_text_color=&#8220;gcid-ec76931e-e1b9-4b36-a98d-54442c969aee&#8220; header_5_text_color=&#8220;gcid-ec76931e-e1b9-4b36-a98d-54442c969aee&#8220; header_6_text_color=&#8220;gcid-ec76931e-e1b9-4b36-a98d-54442c969aee&#8220; background_color=&#8220;#ec671a&#8220; custom_margin=&#8220;||||true|false&#8220; custom_padding=&#8220;12px|12px|12px|12px|true|true&#8220; global_colors_info=&#8220;{%22gcid-ec76931e-e1b9-4b36-a98d-54442c969aee%22:%91%22header_text_color%22,%22header_2_text_color%22,%22header_3_text_color%22,%22header_4_text_color%22,%22header_5_text_color%22,%22header_6_text_color%22%93}&#8220;]<\/p>\n<p><span style=\"color: #ffffff;\"><b>RWT Power ist eine Marke der<br \/><\/b>RWT Hornegger &amp; Thor GmbH<\/span><br \/><span style=\"color: #ffffff;\"><b><\/b><\/span><\/p>\n<p><span style=\"color: #ffffff;\"><b>Kontakt f\u00fcr Infos und Verkauf:<br \/>T<\/b> +43 (0) 650 323 76 56<\/span><br \/><span style=\"color: #ffffff;\"><b>E<\/b><span class=\"Apple-tab-span\"> <\/span><a href=\"mailto:office@rwt-power.com\" style=\"color: #ffffff;\">office@rwt-power.com<\/a><\/span><br \/><span style=\"color: #ffffff;\"><b>W<\/b><span class=\"Apple-tab-span\"> <\/span>www.rwt-power.com<\/span><\/p>\n<p>[\/et_pb_text][\/et_pb_column][et_pb_column type=&#8220;2_3&#8243; _builder_version=&#8220;4.23.1&#8243; _module_preset=&#8220;default&#8220; global_colors_info=&#8220;{}&#8220;][et_pb_contact_form captcha=&#8220;off&#8220; title=&#8220;Kontakt zu uns: F\u00fcr welche Produkte interessieren Sie sich?&#8220; success_message=&#8220;<\/p>\n<h2>Vielen Dank f\u00fcr Ihre Anfrage.<\/h2>\n<p>&#8220; disabled_on=&#8220;off|off|off&#8220; _builder_version=&#8220;4.24.0&#8243; _module_preset=&#8220;default&#8220; _unique_id=&#8220;d9f2ee35-08db-40d6-b1e4-6707cd392879&#8243; form_field_text_color=&#8220;#000000&#8243; form_field_focus_text_color=&#8220;gcid-208ebb9c-7ac7-4078-9d8a-641a551593a0&#8243; title_level=&#8220;h6&#8243; title_text_color=&#8220;gcid-60a41cf8-9b3c-490d-a428-18be0984c19a&#8220; custom_button=&#8220;on&#8220; button_bg_color=&#8220;gcid-60a41cf8-9b3c-490d-a428-18be0984c19a&#8220; button_border_color=&#8220;gcid-60a41cf8-9b3c-490d-a428-18be0984c19a&#8220; title_font_size_tablet=&#8220;&#8220; title_font_size_phone=&#8220;24px&#8220; title_font_size_last_edited=&#8220;on|tablet&#8220; use_conditional_emails=&#8220;on&#8220; conditional_email_pattern=&#8220;Produktauswahl::Motorrad-Felgen:office@rwt-power.com|Felgen-Abdeckungen:office@rwt-power.com|Antriebssysteme:office@rwt-power.com|Andere:office@rwt-power.com<\/p>\n<p>&#8220; admin_email_subject=&#8220;Neue Anfrage RWT Power&#8220; use_confirmation_email=&#8220;on&#8220; confirmation_email_subject=&#8220;Ihre Anfrage bei RWT Power | Your inquiry at RWT Power &#8220; confirmation_email_from_name=&#8220;RWT Power&#8220; confirmation_email_from=&#8220;noreply@rwt.ag&#8220; use_confirmation_message_richtext=&#8220;on&#8220; confirmation_message_richtext=&#8220;<\/p>\n<p>Hallo %%Name%%,<\/p>\n<p><span>hiermit best\u00e4tigen wir Ihnen den Eingang Ihrer Anfrage. Wir werden diese eingehend pr\u00fcfen und uns in K\u00fcrze bei Ihnen melden. <\/span><\/p>\n<p>Vielen Dank f\u00fcr Ihr Interesse.<\/p>\n<p>Liebe Gr\u00fc\u00dfe<br \/>Ihr RWT Power Team<br \/><b><\/b><b>&#8211;<br \/>RWT Power ist eine Marke der<br \/><\/b>RWT Hornegger &#038; Thor GmbH<\/p>\n<div class=%22et_pb_module et_pb_text et_pb_text_5  et_pb_text_align_left et_pb_bg_layout_light%22>\n<div class=%22et_pb_text_inner%22>\n<p><span><b>Kontakt f\u00fcr Infos und Verkauf:<br \/>T<\/b> +43 (0) 650 323 76 56<\/span><br \/><span><b>E<\/b><span class=%22Apple-tab-span%22> <\/span><a href=%22mailto:office@rwt-power.com%22>office@rwt-power.com<\/a><\/span><br \/><span><b>W<\/b><span class=%22Apple-tab-span%22> <\/span>www.rwt-power.com<\/span><\/p>\n<\/div>\n<\/div>\n<p>____________________________<\/p>\n<p>Hello %%Name%%,<\/p>\n<p>we hereby confirm that we have received your request and will check it thoroughly and get back to you shortly.<\/p>\n<p>Thank you for your interest.<\/p>\n<p>Kind regards<br \/>Your RWT Power Team<br \/>&#8211;<br \/><b>RWT Power is a brand of<br \/><\/b>RWT Hornegger &#038; Thor GmbH<\/p>\n<div class=%22et_pb_module et_pb_text et_pb_text_5  et_pb_text_align_left et_pb_bg_layout_light%22>\n<div class=%22et_pb_text_inner%22>\n<p><span><b>Contact for information and sales:<br \/>T<\/b> +43 (0) 650 323 76 56<\/span><br \/><span><b>E<\/b><span class=%22Apple-tab-span%22> <\/span><a href=%22mailto:office@rwt-power.com%22>office@rwt-power.com<\/a><\/span><br \/><span><b>W<\/b><span class=%22Apple-tab-span%22> <\/span>www.rwt-power.com<\/span><\/p>\n<\/div>\n<\/div>\n<p>&#8220; hide_form_title=&#8220;on&#8220; use_success_button=&#8220;on&#8220; success_button_text=&#8220;ZUR\u00dcCK ZUR STARTSEITE&#8220; success_button_type=&#8220;page&#8220; success_button_page=&#8220;300&#8243; success_button_font=&#8220;RWT ExtraBold||||||||&#8220; success_button_color=&#8220;#FFFFFF&#8220; success_button_size=&#8220;15px&#8220; success_button_alignment=&#8220;left&#8220; success_button_margin=&#8220;||||true|true&#8220; success_button_padding=&#8220;6px|6px|6px|6px|true|true&#8220; success_button_background=&#8220;gcid-60a41cf8-9b3c-490d-a428-18be0984c19a&#8220; success_button_border=&#8220;on|6px|6px|6px|6px&#8220; success_button_border_color=&#8220;gcid-60a41cf8-9b3c-490d-a428-18be0984c19a&#8220; success_button_border_width=&#8220;5px&#8220; success_message_background=&#8220;RGBA(255,255,255,0)&#8220; success_message_border_color=&#8220;#FFFFFF&#8220; success_message_border_width=&#8220;1px&#8220; success_message_heading_font=&#8220;RWT ExtraBold||||||||&#8220; success_message_heading_color=&#8220;gcid-ec76931e-e1b9-4b36-a98d-54442c969aee&#8220; success_message_font=&#8220;RWT ExtraBold||||||||&#8220; success_message_font_color=&#8220;gcid-ec76931e-e1b9-4b36-a98d-54442c969aee&#8220; field_label_color=&#8220;#000000&#8243; field_desc_color=&#8220;#000000&#8243; files_container_background=&#8220;#FFFFFF&#8220; accepted_file_text_color=&#8220;#000000&#8243; file_button_background=&#8220;gcid-ec76931e-e1b9-4b36-a98d-54442c969aee&#8220; file_button_color=&#8220;#FFFFFF&#8220; file_button_size=&#8220;15px&#8220; file_button_border_color=&#8220;#000000&#8243; file_button_border_width=&#8220;5px&#8220; use_file_button_icon=&#8220;off&#8220; use_honeypot=&#8220;on&#8220; global_colors_info=&#8220;{%22gcid-208ebb9c-7ac7-4078-9d8a-641a551593a0%22:%91%22form_field_focus_text_color%22%93,%22gcid-ec76931e-e1b9-4b36-a98d-54442c969aee%22:%91%22file_button_background%22,%22success_message_heading_color%22,%22success_message_font_color%22%93,%22gcid-60a41cf8-9b3c-490d-a428-18be0984c19a%22:%91%22title_text_color%22,%22button_bg_color%22,%22button_bg_color__hover%22,%22button_border_color%22,%22button_border_color__hover%22,%22success_button_background%22,%22success_button_border_color%22%93}&#8220; button_border_color__hover_enabled=&#8220;on|hover&#8220; button_border_color__hover=&#8220;#ec671a&#8220; button_bg_color__hover_enabled=&#8220;on|desktop&#8220; button_bg_color__hover=&#8220;#ec671a&#8220; button_bg_enable_color__hover=&#8220;on&#8220; file_button_border_color__hover_enabled=&#8220;on|hover&#8220; file_button_border_color__hover=&#8220;#000000&#8243;][et_pb_contact_field field_id=&#8220;Produktauswahl&#8220; field_title=&#8220;F\u00fcr welche Produkte interessieren Sie sich?&#8220; field_type=&#8220;checkbox&#8220; checkbox_options=&#8220;%91{%22value%22:%22Motorrad-Felgen%22,%22checked%22:0,%22dragID%22:-1},{%22value%22:%22Felgen-Abdeckungen%22,%22checked%22:0,%22dragID%22:0},{%22value%22:%22Antriebssysteme%22,%22checked%22:0,%22dragID%22:1},{%22value%22:%22Andere%22,%22checked%22:0,%22dragID%22:2}%93&#8243; fullwidth_field=&#8220;on&#8220; _builder_version=&#8220;4.24.0&#8243; _module_preset=&#8220;default&#8220; form_field_text_color=&#8220;#000000&#8243; form_field_focus_background_color=&#8220;#000000&#8243; form_field_focus_text_color=&#8220;#000000&#8243; form_field_font=&#8220;||||||||&#8220; use_field_label_cr=&#8220;off&#8220; checkbox_layout=&#8220;inline&#8220; global_colors_info=&#8220;{}&#8220; checkbox_columns_last_edited=&#8220;on|phone&#8220; checkbox_columns_tablet=&#8220;3&#8243; checkbox_columns_phone=&#8220;1&#8243;][\/et_pb_contact_field][et_pb_contact_field field_id=&#8220;Name&#8220; field_title=&#8220;Name&#8220; _builder_version=&#8220;4.24.0&#8243; global_colors_info=&#8220;{}&#8220; button_text_size__hover_enabled=&#8220;off&#8220; button_one_text_size__hover_enabled=&#8220;off&#8220; button_two_text_size__hover_enabled=&#8220;off&#8220; button_text_color__hover_enabled=&#8220;off&#8220; button_one_text_color__hover_enabled=&#8220;off&#8220; button_two_text_color__hover_enabled=&#8220;off&#8220; button_border_width__hover_enabled=&#8220;off&#8220; button_one_border_width__hover_enabled=&#8220;off&#8220; button_two_border_width__hover_enabled=&#8220;off&#8220; button_border_color__hover_enabled=&#8220;off&#8220; button_one_border_color__hover_enabled=&#8220;off&#8220; button_two_border_color__hover_enabled=&#8220;off&#8220; button_border_radius__hover_enabled=&#8220;off&#8220; button_one_border_radius__hover_enabled=&#8220;off&#8220; button_two_border_radius__hover_enabled=&#8220;off&#8220; button_letter_spacing__hover_enabled=&#8220;off&#8220; button_one_letter_spacing__hover_enabled=&#8220;off&#8220; button_two_letter_spacing__hover_enabled=&#8220;off&#8220; button_bg_color__hover_enabled=&#8220;off&#8220; button_one_bg_color__hover_enabled=&#8220;off&#8220; button_two_bg_color__hover_enabled=&#8220;off&#8220;][\/et_pb_contact_field][et_pb_contact_field field_id=&#8220;Email&#8220; field_title=&#8220;E-Mail-Adresse&#8220; field_type=&#8220;email&#8220; _builder_version=&#8220;4.16&#8243; global_colors_info=&#8220;{}&#8220; button_text_size__hover_enabled=&#8220;off&#8220; button_one_text_size__hover_enabled=&#8220;off&#8220; button_two_text_size__hover_enabled=&#8220;off&#8220; button_text_color__hover_enabled=&#8220;off&#8220; button_one_text_color__hover_enabled=&#8220;off&#8220; button_two_text_color__hover_enabled=&#8220;off&#8220; button_border_width__hover_enabled=&#8220;off&#8220; button_one_border_width__hover_enabled=&#8220;off&#8220; button_two_border_width__hover_enabled=&#8220;off&#8220; button_border_color__hover_enabled=&#8220;off&#8220; button_one_border_color__hover_enabled=&#8220;off&#8220; button_two_border_color__hover_enabled=&#8220;off&#8220; button_border_radius__hover_enabled=&#8220;off&#8220; button_one_border_radius__hover_enabled=&#8220;off&#8220; button_two_border_radius__hover_enabled=&#8220;off&#8220; button_letter_spacing__hover_enabled=&#8220;off&#8220; button_one_letter_spacing__hover_enabled=&#8220;off&#8220; button_two_letter_spacing__hover_enabled=&#8220;off&#8220; button_bg_color__hover_enabled=&#8220;off&#8220; button_one_bg_color__hover_enabled=&#8220;off&#8220; button_two_bg_color__hover_enabled=&#8220;off&#8220;][\/et_pb_contact_field][et_pb_contact_field field_id=&#8220;Motor-Art&#8220; field_title=&#8220;Motor-Art&#8220; field_type=&#8220;select&#8220; select_options=&#8220;%91{%22value%22:%22Milwaukee 8%22,%22checked%22:0,%22dragID%22:-1},{%22value%22:%22Twin Can%22,%22checked%22:0,%22dragID%22:1},{%22value%22:%22EVO%22,%22checked%22:0,%22dragID%22:0}%93&#8243; conditional_logic=&#8220;on&#8220; conditional_logic_rules=&#8220;%91{%22field%22:%22produktauswahl%22,%22condition%22:%22is%22,%22value%22:%22Antriebssysteme%22},{%22field%22:%22produktauswahl%22,%22condition%22:%22is%22,%22value%22:%22Andere%22}%93&#8243; _builder_version=&#8220;4.24.0&#8243; _module_preset=&#8220;default&#8220; global_colors_info=&#8220;{}&#8220;][\/et_pb_contact_field][et_pb_contact_field field_id=&#8220;erstzulassung&#8220; field_title=&#8220;Erstzulassung&#8220; conditional_logic=&#8220;on&#8220; conditional_logic_rules=&#8220;%91{%22field%22:%22produktauswahl%22,%22condition%22:%22is%22,%22value%22:%22Antriebssysteme%22},{%22field%22:%22produktauswahl%22,%22condition%22:%22is%22,%22value%22:%22Andere%22}%93&#8243; _builder_version=&#8220;4.24.0&#8243; _module_preset=&#8220;default&#8220; global_colors_info=&#8220;{}&#8220;][\/et_pb_contact_field][et_pb_contact_field field_id=&#8220;typenbezeichnung&#8220; field_title=&#8220;Typenbezeichnung&#8220; conditional_logic=&#8220;on&#8220; conditional_logic_rules=&#8220;%91{%22field%22:%22produktauswahl%22,%22condition%22:%22is%22,%22value%22:%22Antriebssysteme%22},{%22field%22:%22produktauswahl%22,%22condition%22:%22is%22,%22value%22:%22Andere%22}%93&#8243; _builder_version=&#8220;4.24.0&#8243; _module_preset=&#8220;default&#8220; global_colors_info=&#8220;{}&#8220;][\/et_pb_contact_field][et_pb_contact_field field_id=&#8220;fahrgestellnummer&#8220; field_title=&#8220;Fahrgestellnummer&#8220; conditional_logic=&#8220;on&#8220; conditional_logic_rules=&#8220;%91{%22field%22:%22produktauswahl%22,%22condition%22:%22is%22,%22value%22:%22Antriebssysteme%22},{%22field%22:%22produktauswahl%22,%22condition%22:%22is%22,%22value%22:%22Andere%22}%93&#8243; _builder_version=&#8220;4.24.0&#8243; _module_preset=&#8220;default&#8220; global_colors_info=&#8220;{}&#8220;][\/et_pb_contact_field][et_pb_contact_field field_id=&#8220;Bilder-Upload&#8220; field_title=&#8220;M\u00f6chten Sie uns Fotos von Ihrem Bike zusenden?&#8220; required_mark=&#8220;off&#8220; fullwidth_field=&#8220;on&#8220; _builder_version=&#8220;4.24.0&#8243; _module_preset=&#8220;default&#8220; form_field_background_color=&#8220;rgba(0,0,0,0.1)&#8220; form_field_text_color=&#8220;#000000&#8243; form_field_focus_text_color=&#8220;#000000&#8243; use_field_label=&#8220;on&#8220; use_file_upload=&#8220;on&#8220; file_size=&#8220;122880&#8243; files_limit=&#8220;10&#8243; file_mime=&#8220;on|on|on|off|on|on|off|off|off|off|off|off|off|off|off|off|off|off|off|off|off|off|off|off|off|off|off|off|off|off|off|off|off|off|off|off|off|off|off|off|off|off|off|off|off|off|off|off|off|off|off|off|off|off|off|off|off|off|off|off|off|off|off|off|off|off|off|off|off|off|off|off|off|off|off|off|off|off|off|off|off|off|off|off|off|off|off|off|off|off|off|off|off|off&#8220; border_width_all=&#8220;3px&#8220; border_color_all=&#8220;rgba(40,40,40,0.1)&#8220; global_colors_info=&#8220;{}&#8220;][\/et_pb_contact_field][et_pb_contact_field field_id=&#8220;Message&#8220; field_title=&#8220;Nachricht&#8220; field_type=&#8220;text&#8220; fullwidth_field=&#8220;on&#8220; _builder_version=&#8220;4.24.0&#8243; global_colors_info=&#8220;{}&#8220; button_text_size__hover_enabled=&#8220;off&#8220; button_one_text_size__hover_enabled=&#8220;off&#8220; button_two_text_size__hover_enabled=&#8220;off&#8220; button_text_color__hover_enabled=&#8220;off&#8220; button_one_text_color__hover_enabled=&#8220;off&#8220; button_two_text_color__hover_enabled=&#8220;off&#8220; button_border_width__hover_enabled=&#8220;off&#8220; button_one_border_width__hover_enabled=&#8220;off&#8220; button_two_border_width__hover_enabled=&#8220;off&#8220; button_border_color__hover_enabled=&#8220;off&#8220; button_one_border_color__hover_enabled=&#8220;off&#8220; button_two_border_color__hover_enabled=&#8220;off&#8220; button_border_radius__hover_enabled=&#8220;off&#8220; button_one_border_radius__hover_enabled=&#8220;off&#8220; button_two_border_radius__hover_enabled=&#8220;off&#8220; button_letter_spacing__hover_enabled=&#8220;off&#8220; button_one_letter_spacing__hover_enabled=&#8220;off&#8220; button_two_letter_spacing__hover_enabled=&#8220;off&#8220; button_bg_color__hover_enabled=&#8220;off&#8220; button_one_bg_color__hover_enabled=&#8220;off&#8220; button_two_bg_color__hover_enabled=&#8220;off&#8220;][\/et_pb_contact_field][\/et_pb_contact_form][\/et_pb_column][\/et_pb_row][et_pb_row _builder_version=&#8220;4.23.1&#8243; _module_preset=&#8220;default&#8220; custom_padding=&#8220;0px||2px|||&#8220; collapsed=&#8220;on&#8220; global_colors_info=&#8220;{}&#8220;][et_pb_column type=&#8220;4_4&#8243; _builder_version=&#8220;4.23.1&#8243; _module_preset=&#8220;default&#8220; global_colors_info=&#8220;{}&#8220;][et_pb_text _builder_version=&#8220;4.23.1&#8243; _module_preset=&#8220;default&#8220; global_colors_info=&#8220;{}&#8220;]<\/p>\n<p><em>Bike built by <a href=\"https:\/\/www.black-steel.eu\" target=\"_blank\" rel=\"noopener\" title=\"BSC\">Black-Steel Choppers<\/a><\/em><\/p>\n<p>[\/et_pb_text][\/et_pb_column][\/et_pb_row][\/et_pb_section]<\/p>\n","protected":false},"excerpt":{"rendered":"<p>Teile &amp; Zubeh\u00f6r Hier findest du die einzelnen Teile unserer Kupplung und Felgen zum Bestellen. Wenn du etwas davon bestellen m\u00f6chtest, melde dich per E-Mail mit dem gew\u00fcnschten Teil. Wir machen dir ein Angebot.Bereit, Ihr Traum-Motorrad zum Leben zu erwecken? Dann z\u00f6gern Sie nicht l\u00e4nger. Kontaktieren Sie uns noch heute, indem Sie unser praktisches Kontaktformular ausf\u00fcllen. Teilen Sie uns Ihre Vorstellungen mit, und wir werden gemeinsam daran arbeiten, Ihr Motorrad auf die n\u00e4chste Stufe zu heben. Wir freuen uns darauf, Ihre Ideen zu h\u00f6ren und Ihre Tr\u00e4ume zu verwirklichen. Ihr Motorrad ist mehr als nur ein Fortbewegungsmittel \u2013 es ist Ihre Leidenschaft. Bei RWT Power helfen wir Ihnen, diese Leidenschaft zum Leben zu erwecken. Nehmen Sie Kontakt auf, und lassen Sie uns gemeinsam Ihr individuelles Motorrad-Projekt starten. RWT Power ist eine Marke derRWT Hornegger &amp; Thor GmbH Kontakt f\u00fcr Infos und Verkauf:T +43 (0) 650 323 76 56E office@rwt-power.comW www.rwt-power.comBike built by Black-Steel Choppers<\/p>","protected":false},"author":1,"featured_media":0,"parent":0,"menu_order":0,"comment_status":"closed","ping_status":"closed","template":"","meta":{"_acf_changed":false,"_et_pb_use_builder":"on","_et_pb_old_content":"","_et_gb_content_width":"","footnotes":""},"class_list":["post-3660","page","type-page","status-publish","hentry"],"acf":[],"aioseo_notices":[],"_links":{"self":[{"href":"https:\/\/www.rwt.ag\/en\/wp-json\/wp\/v2\/pages\/3660","targetHints":{"allow":["GET"]}}],"collection":[{"href":"https:\/\/www.rwt.ag\/en\/wp-json\/wp\/v2\/pages"}],"about":[{"href":"https:\/\/www.rwt.ag\/en\/wp-json\/wp\/v2\/types\/page"}],"author":[{"embeddable":true,"href":"https:\/\/www.rwt.ag\/en\/wp-json\/wp\/v2\/users\/1"}],"replies":[{"embeddable":true,"href":"https:\/\/www.rwt.ag\/en\/wp-json\/wp\/v2\/comments?post=3660"}],"version-history":[{"count":16,"href":"https:\/\/www.rwt.ag\/en\/wp-json\/wp\/v2\/pages\/3660\/revisions"}],"predecessor-version":[{"id":3780,"href":"https:\/\/www.rwt.ag\/en\/wp-json\/wp\/v2\/pages\/3660\/revisions\/3780"}],"wp:attachment":[{"href":"https:\/\/www.rwt.ag\/en\/wp-json\/wp\/v2\/media?parent=3660"}],"curies":[{"name":"wp","href":"https:\/\/api.w.org\/{rel}","templated":true}]}}