{"id":784,"date":"2023-11-14T14:24:56","date_gmt":"2023-11-14T13:24:56","guid":{"rendered":"https:\/\/www.rwt.ag\/?page_id=784"},"modified":"2023-11-15T10:22:23","modified_gmt":"2023-11-15T09:22:23","slug":"impressum","status":"publish","type":"page","link":"https:\/\/www.rwt.ag\/en\/impressum\/","title":{"rendered":"Imprint"},"content":{"rendered":"<p>[et_pb_section fb_built=&#8220;1&#8243; _builder_version=&#8220;4.23.1&#8243; _module_preset=&#8220;default&#8220; background_color=&#8220;rgba(0,0,0,0.61)&#8220; background_image=&#8220;https:\/\/www.rwt.ag\/wp-content\/uploads\/2023\/11\/Ueber-die-Aktie_header-scaled.webp&#8220; background_position=&#8220;center_left&#8220; background_blend=&#8220;multiply&#8220; custom_margin=&#8220;||||false|false&#8220; custom_padding=&#8220;||||false|false&#8220; global_colors_info=&#8220;{}&#8220;][et_pb_row _builder_version=&#8220;4.23.1&#8243; _module_preset=&#8220;default&#8220; global_colors_info=&#8220;{}&#8220;][et_pb_column type=&#8220;4_4&#8243; _builder_version=&#8220;4.23.1&#8243; _module_preset=&#8220;default&#8220; global_colors_info=&#8220;{}&#8220;][et_pb_text _builder_version=&#8220;4.23.1&#8243; _module_preset=&#8220;default&#8220; background_layout=&#8220;dark&#8220; global_colors_info=&#8220;{}&#8220;]<\/p>\n<h1>Impressum<\/h1>\n<p>[\/et_pb_text][\/et_pb_column][\/et_pb_row][\/et_pb_section][et_pb_section fb_built=&#8220;1&#8243; _builder_version=&#8220;4.23.1&#8243; _module_preset=&#8220;default&#8220; global_colors_info=&#8220;{}&#8220;][et_pb_row column_structure=&#8220;1_2,1_2&#8243; _builder_version=&#8220;4.23.1&#8243; _module_preset=&#8220;default&#8220; hover_enabled=&#8220;0&#8243; global_colors_info=&#8220;{}&#8220; use_custom_gutter=&#8220;on&#8220; gutter_width=&#8220;2&#8243; sticky_enabled=&#8220;0&#8243;][et_pb_column type=&#8220;1_2&#8243; _builder_version=&#8220;4.23.1&#8243; _module_preset=&#8220;default&#8220; global_colors_info=&#8220;{}&#8220;][et_pb_text _builder_version=&#8220;4.23.1&#8243; _module_preset=&#8220;default&#8220; hover_enabled=&#8220;0&#8243; global_colors_info=&#8220;{}&#8220; sticky_enabled=&#8220;0&#8243; header_3_font_size=&#8220;30px&#8220; header_6_font_size=&#8220;18px&#8220;]<\/p>\n<h3>1. RWT AG<\/h3>\n<h6><\/h6>\n<h6>Vorst\u00e4nde:<\/h6>\n<p>Reinhard Thor und Johannes Hornegger<\/p>\n<h6>Aufsichtsratsvorsitzende:<\/h6>\n<p>Alexandra Rosinger<\/p>\n<h6>Stellvertreterin der Vorsitzenden:<\/h6>\n<p>Stephanie Wolfsch\u00fctz<\/p>\n<h6>Aufsichtsratsmitglied:<\/h6>\n<p>DI Dr. Michael Thor<\/p>\n<h6>Firmenbuchnummer:<\/h6>\n<p>FN 600787 k<br \/>UID-Nr.: ATU79320423<\/p>\n<p>[\/et_pb_text][\/et_pb_column][et_pb_column type=&#8220;1_2&#8243; _builder_version=&#8220;4.23.1&#8243; _module_preset=&#8220;default&#8220; global_colors_info=&#8220;{}&#8220;][et_pb_text _builder_version=&#8220;4.23.1&#8243; _module_preset=&#8220;default&#8220; hover_enabled=&#8220;0&#8243; global_colors_info=&#8220;{}&#8220; sticky_enabled=&#8220;0&#8243; header_3_font_size=&#8220;30px&#8220; header_6_font_size=&#8220;18px&#8220;]<\/p>\n<h3>2. RWT Hornegger &amp; Thor GmbH<\/h3>\n<h6><\/h6>\n<h6>Gesch\u00e4ftsf\u00fchrung:<\/h6>\n<p>Hannes Hornegger, Reinhard Thor<\/p>\n<h6>Adresse:<\/h6>\n<p>Gseng 90<br \/>A-5442 Ru\u00dfbach<br \/>\u00d6sterreich\/Austria<\/p>\n<h6>Kontakt:<\/h6>\n<p>Telefon: +43 (0) 624 24 71<br \/>Telefax: +43 (0) 624 24 55<br \/>Email: <a href=\"mailto:office@r-w-t.com\">office@r-w-t.com<\/a><br \/>Internet: <a href=\"http:\/\/www.r-w-t.com\">www.r-w-t.com<\/a><\/p>\n<h6>Gericht:<\/h6>\n<p>Handelsgericht Salzburg<\/p>\n<h6>Firmenbuchnummer:<\/h6>\n<p>218819v<br \/>UID: ATU 5380 5501<\/p>\n<p>[\/et_pb_text][\/et_pb_column][\/et_pb_row][\/et_pb_section][et_pb_section fb_built=&#8220;1&#8243; _builder_version=&#8220;4.23.1&#8243; _module_preset=&#8220;default&#8220; background_color=&#8220;gcid-8e151471-c073-4a04-9fc8-d2ce881fe02e&#8220; global_colors_info=&#8220;{%22gcid-8e151471-c073-4a04-9fc8-d2ce881fe02e%22:%91%22background_color%22%93}&#8220;][et_pb_row _builder_version=&#8220;4.23.1&#8243; _module_preset=&#8220;default&#8220; global_colors_info=&#8220;{}&#8220;][et_pb_column type=&#8220;4_4&#8243; _builder_version=&#8220;4.23.1&#8243; _module_preset=&#8220;default&#8220; global_colors_info=&#8220;{}&#8220;][et_pb_text _builder_version=&#8220;4.23.1&#8243; _module_preset=&#8220;default&#8220; global_colors_info=&#8220;{}&#8220;]<\/p>\n<h4>Disclaimer<\/h4>\n<p>[\/et_pb_text][\/et_pb_column][\/et_pb_row][et_pb_row column_structure=&#8220;1_2,1_2&#8243; _builder_version=&#8220;4.23.1&#8243; _module_preset=&#8220;default&#8220; global_colors_info=&#8220;{}&#8220;][et_pb_column type=&#8220;1_2&#8243; _builder_version=&#8220;4.23.1&#8243; _module_preset=&#8220;default&#8220; global_colors_info=&#8220;{}&#8220;][et_pb_text _builder_version=&#8220;4.23.1&#8243; _module_preset=&#8220;default&#8220; hover_enabled=&#8220;0&#8243; global_colors_info=&#8220;{}&#8220; sticky_enabled=&#8220;0&#8243;]<\/p>\n<h6>URHEBERRECHTLICHER SCHUTZ<\/h6>\n<p>S\u00e4mtliche auf der Homepage der Hornegger &amp; Thor GmbH bereitgestellten Inhalte unterliegen dem Urheberrecht von Hornegger &amp; Thor GmbH, Partnerfirmen oder von Dritten. Diese Inhalte d\u00fcrfen nur zu privaten Zwecken bearbeitet, ausgedruckt, kopiert, verwertet oder verwendet werden. Eine Nutzung zu gewerblichen Zwecken ist ausdr\u00fccklich verboten bzw. bedarf der ausdr\u00fccklichen Genehmigung von Top Speed. Der Internetauftritt von Hornegger &amp; Thor GmbH darf weder in ihrer Gesamtheit (Struktur, Graphik, Design, Texte) noch in Ausschnitten ohne ausdr\u00fcckliche Zustimmung von Hornegger &amp; Thor GmbH vervielf\u00e4ltigt, ver\u00f6ffentlicht oder anderweitig wiedergegeben werden.<\/p>\n<h6>HAFTUNG UND INHALTE<\/h6>\n<p><span>Die Inhalte auf den Seiten von Hornegger &amp; Thor GmbH werden regelm\u00e4\u00dfig \u00fcberpr\u00fcft und aktualisiert, wobei jedoch f\u00fcr die Richtigkeit, Vollst\u00e4ndigkeit und Aktualit\u00e4t keine Gew\u00e4hr geleistet werden kann. F\u00fcr Sch\u00e4den, die sich aus versp\u00e4teten oder nicht korrekten Inhalten oder Handlungen ergeben, welche im Vertrauen auf die Richtigkeit des Inhaltes gemacht wurden, \u00fcbernimmt Hornegger &amp; Thor GmbH keine Haftung.<\/span><\/p>\n<h6>HAFTUNG F\u00dcR LINKS<\/h6>\n<p>Die Hornegger &amp; Thor GmbH \u00fcbernimmt keine Haftung f\u00fcr Inhalte auf Websites von Dritten, welche \u00fcber Links zug\u00e4nglich gemacht werden. F\u00fcr diese Inhalte sind ausschlie\u00dflich die Betreiber dieser Websites verantwortlich.<\/p>\n<h6>WEBMAIL, SMS-DIENST<\/h6>\n<p>Werden von Benutzern Informationen (Texte, Bilder) im Rahmen von Diensten, die auf einer Internetseite der Hornegger &amp; Thor GmbH zur Verf\u00fcgung gestellt werden, verbreitet und \u00fcbermittelt, so \u00fcbernimmt Hornegger &amp; Thor GmbH keine Haftung f\u00fcr diese Informationen. Die Benutzer dieser Dienste verpflichten sich, alle einschl\u00e4gigen Rechtsvorschriften (z. B. Strafgesetzbuch, Pornografiegesetz, Verbotsgesetz, E-Commerce-Gesetz) zu beachten. Hornegger &amp; Thor GmbH ist diesbez\u00fcglich schad- und klaglos zu halten. Hornegger &amp; Thor GmbH kann f\u00fcr eine \u00dcbertragung und Zustellung von Nachrichten im Rahmen von Webmail, SMS-Dienst oder \u00e4hnlichen Diensten nicht garantieren und \u00fcbernimmt f\u00fcr eine mangelhafte oder nicht erfolgte Zustellung keine Haftung.<\/p>\n<p>[\/et_pb_text][\/et_pb_column][et_pb_column type=&#8220;1_2&#8243; _builder_version=&#8220;4.23.1&#8243; _module_preset=&#8220;default&#8220; global_colors_info=&#8220;{}&#8220;][et_pb_text _builder_version=&#8220;4.23.1&#8243; _module_preset=&#8220;default&#8220; global_colors_info=&#8220;{}&#8220;]<\/p>\n<h6>DATENSCHUTZ<\/h6>\n<p>Daten, die im Rahmen der Ben\u00fctzung der Internetseiten der Hornegger &amp; Thor GmbH anfallen, werden nur in der Art und Weise verwendet, wie dies gesetzlich erlaubt ist (Datenschutzgesetz, Telekommunikationsgesetz).<\/p>\n<h6>STATISTIK<\/h6>\n<p>Diese Website benutzt Google Analytics, einen Webanalysedienst der Google Inc. (\u201eGoogle\u201c). Google Analytics verwendet sog. \u201eCookies\u201c, Textdateien, die auf Ihrem Computer gespeichert werden und die eine Analyse der Benutzung der Website durch Sie erm\u00f6glicht. Die durch den Cookie erzeugten Informationen \u00fcber Ihre Benutzung dieser Website (einschlie\u00dflich Ihrer IP-Adresse) werden an einen Server von Google in den USA \u00fcbertragen und dort gespeichert. Durch die Nutzung dieser Website erkl\u00e4ren Sie sich mit der Bearbeitung der erhobenen Daten durch Google einverstanden. Sie nehmen au\u00dferdem einverst\u00e4ndlich zur Kenntnis, dass die Google Datenschutzbestimmungen (unter http:\/\/www.google.com\/privacy.html) zur Anwendung kommen.<\/p>\n<h6>BILDNACHWEIS<\/h6>\n<p>Shutterstock.com: 1438272785 | \u00a9 sebra<br \/>Shutterstock.com: 517552303 | \u00a9 r.classen<br \/>Shutterstock.com: 190371464 | \u00a9 Portrait Image Asia<br \/>Shutterstock.com: 2082485323 | \u00a9 Blue Planet Studio<br \/>Shutterstock.com: 2195255253 | \u00a9 TippaPatt<br \/>Shutterstock.com: 2267738379 | \u00a9 TippaPatt<br \/>Shutterstock.com: 2147248723 | \u00a9 TippaPatt<\/p>\n<h6>BRANDING, KONZEPT &amp; UMSETZUNG<\/h6>\n<p>Rehbrand GmbH<br \/>E-Mail: <a href=\"mailto:mail@rehbrand.de\">mail@rehbrand.de<\/a><br \/>Internet: <a href=\"http:\/\/www.rehbrand.de\" target=\"_blank\" rel=\"noopener\">www.rehbrand.de<\/a><\/p>\n<p>&nbsp;<\/p>\n<p>[\/et_pb_text][\/et_pb_column][\/et_pb_row][\/et_pb_section]<\/p>\n","protected":false},"excerpt":{"rendered":"<p>Impressum1. RWT AG Vorst\u00e4nde: Reinhard Thor und Johannes Hornegger Aufsichtsratsvorsitzende: Alexandra Rosinger Stellvertreterin der Vorsitzenden: Stephanie Wolfsch\u00fctz Aufsichtsratsmitglied: DI Dr. Michael Thor Firmenbuchnummer: FN 600787 kUID-Nr.: ATU793204232. RWT Hornegger &amp; Thor GmbH Gesch\u00e4ftsf\u00fchrung: Hannes Hornegger, Reinhard Thor Adresse: Gseng 90A-5442 Ru\u00dfbach\u00d6sterreich\/Austria Kontakt: Telefon: +43 (0) 624 24 71Telefax: +43 (0) 624 24 55Email: office@r-w-t.comInternet: www.r-w-t.com Gericht: Handelsgericht Salzburg Firmenbuchnummer: 218819vUID: ATU 5380 5501DisclaimerURHEBERRECHTLICHER SCHUTZ S\u00e4mtliche auf der Homepage der Hornegger &amp; Thor GmbH bereitgestellten Inhalte unterliegen dem Urheberrecht von Hornegger &amp; Thor GmbH, Partnerfirmen oder von Dritten. Diese Inhalte d\u00fcrfen nur zu privaten Zwecken bearbeitet, ausgedruckt, kopiert, verwertet oder verwendet werden. Eine Nutzung zu gewerblichen Zwecken ist ausdr\u00fccklich verboten bzw. bedarf der ausdr\u00fccklichen Genehmigung von Top Speed. Der Internetauftritt von Hornegger &amp; Thor GmbH darf weder in ihrer Gesamtheit (Struktur, Graphik, Design, Texte) noch in Ausschnitten ohne ausdr\u00fcckliche Zustimmung von Hornegger &amp; Thor GmbH vervielf\u00e4ltigt, ver\u00f6ffentlicht oder anderweitig wiedergegeben werden. HAFTUNG UND INHALTE Die Inhalte auf den Seiten von Hornegger &amp; Thor GmbH werden regelm\u00e4\u00dfig \u00fcberpr\u00fcft und aktualisiert, wobei jedoch f\u00fcr die Richtigkeit, Vollst\u00e4ndigkeit und Aktualit\u00e4t keine Gew\u00e4hr geleistet werden kann. F\u00fcr Sch\u00e4den, die sich aus versp\u00e4teten oder nicht korrekten Inhalten oder Handlungen ergeben, welche im Vertrauen auf die Richtigkeit [&hellip;]<\/p>\n","protected":false},"author":1,"featured_media":0,"parent":0,"menu_order":0,"comment_status":"closed","ping_status":"closed","template":"","meta":{"_acf_changed":false,"_et_pb_use_builder":"on","_et_pb_old_content":"","_et_gb_content_width":"","footnotes":""},"class_list":["post-784","page","type-page","status-publish","hentry"],"acf":[],"aioseo_notices":[],"_links":{"self":[{"href":"https:\/\/www.rwt.ag\/en\/wp-json\/wp\/v2\/pages\/784","targetHints":{"allow":["GET"]}}],"collection":[{"href":"https:\/\/www.rwt.ag\/en\/wp-json\/wp\/v2\/pages"}],"about":[{"href":"https:\/\/www.rwt.ag\/en\/wp-json\/wp\/v2\/types\/page"}],"author":[{"embeddable":true,"href":"https:\/\/www.rwt.ag\/en\/wp-json\/wp\/v2\/users\/1"}],"replies":[{"embeddable":true,"href":"https:\/\/www.rwt.ag\/en\/wp-json\/wp\/v2\/comments?post=784"}],"version-history":[{"count":10,"href":"https:\/\/www.rwt.ag\/en\/wp-json\/wp\/v2\/pages\/784\/revisions"}],"predecessor-version":[{"id":908,"href":"https:\/\/www.rwt.ag\/en\/wp-json\/wp\/v2\/pages\/784\/revisions\/908"}],"wp:attachment":[{"href":"https:\/\/www.rwt.ag\/en\/wp-json\/wp\/v2\/media?parent=784"}],"curies":[{"name":"wp","href":"https:\/\/api.w.org\/{rel}","templated":true}]}}